{"id":1357,"date":"2023-08-31T16:54:02","date_gmt":"2023-08-31T14:54:02","guid":{"rendered":"https:\/\/oxygenome.fr\/?page_id=1357"},"modified":"2023-08-31T17:05:18","modified_gmt":"2023-08-31T15:05:18","slug":"vos-temoignages","status":"publish","type":"page","link":"https:\/\/oxygenome.fr\/en\/vos-temoignages\/","title":{"rendered":"your experiences"},"content":{"rendered":"<div data-elementor-type=\"wp-page\" data-elementor-id=\"1357\" class=\"elementor elementor-1357\">\n\t\t\t\t\t\t\t\t\t<section class=\"elementor-section elementor-top-section elementor-element elementor-element-33989e1 elementor-section-boxed elementor-section-height-default elementor-section-height-default\" data-id=\"33989e1\" data-element_type=\"section\">\n\t\t\t\t\t\t<div class=\"elementor-container elementor-column-gap-default\">\n\t\t\t\t\t<div class=\"elementor-column elementor-col-100 elementor-top-column elementor-element elementor-element-e411f14\" data-id=\"e411f14\" data-element_type=\"column\">\n\t\t\t<div class=\"elementor-widget-wrap elementor-element-populated\">\n\t\t\t\t\t\t\t\t<div class=\"elementor-element elementor-element-d69f3b3 elementor-widget elementor-widget-spacer\" data-id=\"d69f3b3\" data-element_type=\"widget\" data-widget_type=\"spacer.default\">\n\t\t\t\t<div class=\"elementor-widget-container\">\n\t\t\t<style>\/*! elementor - v3.15.0 - 20-08-2023 *\/\n.elementor-column .elementor-spacer-inner{height:var(--spacer-size)}.e-con{--container-widget-width:100%}.e-con-inner>.elementor-widget-spacer,.e-con>.elementor-widget-spacer{width:var(--container-widget-width,var(--spacer-size));--align-self:var(--container-widget-align-self,initial);--flex-shrink:0}.e-con-inner>.elementor-widget-spacer>.elementor-widget-container,.e-con-inner>.elementor-widget-spacer>.elementor-widget-container>.elementor-spacer,.e-con>.elementor-widget-spacer>.elementor-widget-container,.e-con>.elementor-widget-spacer>.elementor-widget-container>.elementor-spacer{height:100%}.e-con-inner>.elementor-widget-spacer>.elementor-widget-container>.elementor-spacer>.elementor-spacer-inner,.e-con>.elementor-widget-spacer>.elementor-widget-container>.elementor-spacer>.elementor-spacer-inner{height:var(--container-widget-height,var(--spacer-size))}<\/style>\t\t<div class=\"elementor-spacer\">\n\t\t\t<div class=\"elementor-spacer-inner\"><\/div>\n\t\t<\/div>\n\t\t\t\t<\/div>\n\t\t\t\t<\/div>\n\t\t\t\t\t<\/div>\n\t\t<\/div>\n\t\t\t\t\t\t\t<\/div>\n\t\t<\/section>\n\t\t\t\t<section class=\"elementor-section elementor-top-section elementor-element elementor-element-3fa02b6 elementor-section-boxed elementor-section-height-default elementor-section-height-default\" data-id=\"3fa02b6\" data-element_type=\"section\">\n\t\t\t\t\t\t<div class=\"elementor-container elementor-column-gap-default\">\n\t\t\t\t\t<div class=\"elementor-column elementor-col-100 elementor-top-column elementor-element elementor-element-1df762f\" data-id=\"1df762f\" data-element_type=\"column\">\n\t\t\t<div class=\"elementor-widget-wrap elementor-element-populated\">\n\t\t\t\t\t\t\t\t<div class=\"elementor-element elementor-element-3d727cf elementor-widget elementor-widget-video\" data-id=\"3d727cf\" data-element_type=\"widget\" data-settings=\"{&quot;youtube_url&quot;:&quot;https:\\\/\\\/youtu.be\\\/uBiMKEQHdOk?si=_Ykr1EvfIZI7yAAF&quot;,&quot;video_type&quot;:&quot;youtube&quot;,&quot;controls&quot;:&quot;yes&quot;}\" data-widget_type=\"video.default\">\n\t\t\t\t<div class=\"elementor-widget-container\">\n\t\t\t<style>\/*! elementor - v3.15.0 - 20-08-2023 *\/\n.elementor-widget-video .elementor-widget-container{overflow:hidden;transform:translateZ(0)}.elementor-widget-video .elementor-wrapper{aspect-ratio:var(--video-aspect-ratio)}.elementor-widget-video .elementor-wrapper iframe,.elementor-widget-video .elementor-wrapper video{height:100%;width:100%;display:flex;border:none;background-color:#000}@supports not (aspect-ratio:1\/1){.elementor-widget-video .elementor-wrapper{position:relative;overflow:hidden;height:0;padding-bottom:calc(100% \/ var(--video-aspect-ratio))}.elementor-widget-video .elementor-wrapper iframe,.elementor-widget-video .elementor-wrapper video{position:absolute;top:0;right:0;bottom:0;left:0}}.elementor-widget-video .elementor-open-inline .elementor-custom-embed-image-overlay{position:absolute;top:0;right:0;bottom:0;left:0;background-size:cover;background-position:50%}.elementor-widget-video .elementor-custom-embed-image-overlay{cursor:pointer;text-align:center}.elementor-widget-video .elementor-custom-embed-image-overlay:hover .elementor-custom-embed-play i{opacity:1}.elementor-widget-video .elementor-custom-embed-image-overlay img{display:block;width:100%;aspect-ratio:var(--video-aspect-ratio);-o-object-fit:cover;object-fit:cover;-o-object-position:center center;object-position:center center}@supports not (aspect-ratio:1\/1){.elementor-widget-video .elementor-custom-embed-image-overlay{position:relative;overflow:hidden;height:0;padding-bottom:calc(100% \/ var(--video-aspect-ratio))}.elementor-widget-video .elementor-custom-embed-image-overlay img{position:absolute;top:0;right:0;bottom:0;left:0}}.elementor-widget-video .e-hosted-video .elementor-video{-o-object-fit:cover;object-fit:cover}.e-con-inner>.elementor-widget-video,.e-con>.elementor-widget-video{width:var(--container-widget-width);--flex-grow:var(--container-widget-flex-grow)}<\/style>\t\t<div class=\"elementor-wrapper elementor-open-inline\">\n\t\t\t<div class=\"elementor-video\"><\/div>\t\t<\/div>\n\t\t\t\t<\/div>\n\t\t\t\t<\/div>\n\t\t\t\t\t<\/div>\n\t\t<\/div>\n\t\t\t\t\t\t\t<\/div>\n\t\t<\/section>\n\t\t\t\t<section class=\"elementor-section elementor-top-section elementor-element elementor-element-773dbf9 elementor-section-boxed elementor-section-height-default elementor-section-height-default\" data-id=\"773dbf9\" data-element_type=\"section\">\n\t\t\t\t\t\t<div class=\"elementor-container elementor-column-gap-default\">\n\t\t\t\t\t<div class=\"elementor-column elementor-col-100 elementor-top-column elementor-element elementor-element-2ad1a56\" data-id=\"2ad1a56\" data-element_type=\"column\">\n\t\t\t<div class=\"elementor-widget-wrap elementor-element-populated\">\n\t\t\t\t\t\t\t\t<div class=\"elementor-element elementor-element-a400c0b elementor-widget elementor-widget-video\" data-id=\"a400c0b\" data-element_type=\"widget\" data-settings=\"{&quot;youtube_url&quot;:&quot;https:\\\/\\\/youtu.be\\\/t38xOPsBcKg?si=rDUc4ocS8DBKXlAf&quot;,&quot;video_type&quot;:&quot;youtube&quot;,&quot;controls&quot;:&quot;yes&quot;}\" data-widget_type=\"video.default\">\n\t\t\t\t<div class=\"elementor-widget-container\">\n\t\t\t\t\t<div class=\"elementor-wrapper elementor-open-inline\">\n\t\t\t<div class=\"elementor-video\"><\/div>\t\t<\/div>\n\t\t\t\t<\/div>\n\t\t\t\t<\/div>\n\t\t\t\t\t<\/div>\n\t\t<\/div>\n\t\t\t\t\t\t\t<\/div>\n\t\t<\/section>\n\t\t\t\t<section class=\"elementor-section elementor-top-section elementor-element elementor-element-5a38196 elementor-section-boxed elementor-section-height-default elementor-section-height-default\" data-id=\"5a38196\" data-element_type=\"section\">\n\t\t\t\t\t\t<div class=\"elementor-container elementor-column-gap-default\">\n\t\t\t\t\t<div class=\"elementor-column elementor-col-100 elementor-top-column elementor-element elementor-element-10b3228\" data-id=\"10b3228\" data-element_type=\"column\">\n\t\t\t<div class=\"elementor-widget-wrap elementor-element-populated\">\n\t\t\t\t\t\t\t\t<div class=\"elementor-element elementor-element-9f721ee elementor-widget elementor-widget-video\" data-id=\"9f721ee\" data-element_type=\"widget\" data-settings=\"{&quot;youtube_url&quot;:&quot;https:\\\/\\\/youtu.be\\\/96fxf-VA1fQ?si=IEupSraHIAoxkRTS&quot;,&quot;video_type&quot;:&quot;youtube&quot;,&quot;controls&quot;:&quot;yes&quot;}\" data-widget_type=\"video.default\">\n\t\t\t\t<div class=\"elementor-widget-container\">\n\t\t\t\t\t<div class=\"elementor-wrapper elementor-open-inline\">\n\t\t\t<div class=\"elementor-video\"><\/div>\t\t<\/div>\n\t\t\t\t<\/div>\n\t\t\t\t<\/div>\n\t\t\t\t\t<\/div>\n\t\t<\/div>\n\t\t\t\t\t\t\t<\/div>\n\t\t<\/section>\n\t\t\t\t<section class=\"elementor-section elementor-top-section elementor-element elementor-element-0f95e38 elementor-section-boxed elementor-section-height-default elementor-section-height-default\" data-id=\"0f95e38\" data-element_type=\"section\">\n\t\t\t\t\t\t<div class=\"elementor-container elementor-column-gap-default\">\n\t\t\t\t\t<div class=\"elementor-column elementor-col-100 elementor-top-column elementor-element elementor-element-cc8341e\" data-id=\"cc8341e\" data-element_type=\"column\">\n\t\t\t<div class=\"elementor-widget-wrap elementor-element-populated\">\n\t\t\t\t\t\t\t\t<div class=\"elementor-element elementor-element-7afcbb3 elementor-widget elementor-widget-video\" data-id=\"7afcbb3\" data-element_type=\"widget\" data-settings=\"{&quot;youtube_url&quot;:&quot;https:\\\/\\\/youtu.be\\\/Qgy2yMWXKRA?si=SddTonLazpVxpoYP&quot;,&quot;video_type&quot;:&quot;youtube&quot;,&quot;controls&quot;:&quot;yes&quot;}\" data-widget_type=\"video.default\">\n\t\t\t\t<div class=\"elementor-widget-container\">\n\t\t\t\t\t<div class=\"elementor-wrapper elementor-open-inline\">\n\t\t\t<div class=\"elementor-video\"><\/div>\t\t<\/div>\n\t\t\t\t<\/div>\n\t\t\t\t<\/div>\n\t\t\t\t\t<\/div>\n\t\t<\/div>\n\t\t\t\t\t\t\t<\/div>\n\t\t<\/section>\n\t\t\t\t<section class=\"elementor-section elementor-top-section elementor-element elementor-element-df4f91c elementor-section-boxed elementor-section-height-default elementor-section-height-default\" data-id=\"df4f91c\" data-element_type=\"section\">\n\t\t\t\t\t\t<div class=\"elementor-container elementor-column-gap-default\">\n\t\t\t\t\t<div class=\"elementor-column elementor-col-100 elementor-top-column elementor-element elementor-element-1fd2bc8\" data-id=\"1fd2bc8\" data-element_type=\"column\">\n\t\t\t<div class=\"elementor-widget-wrap elementor-element-populated\">\n\t\t\t\t\t\t\t\t<div class=\"elementor-element elementor-element-093c636 elementor-widget elementor-widget-video\" data-id=\"093c636\" data-element_type=\"widget\" data-settings=\"{&quot;youtube_url&quot;:&quot;https:\\\/\\\/youtu.be\\\/ynL39qu_g0U&quot;,&quot;video_type&quot;:&quot;youtube&quot;,&quot;controls&quot;:&quot;yes&quot;}\" data-widget_type=\"video.default\">\n\t\t\t\t<div class=\"elementor-widget-container\">\n\t\t\t\t\t<div class=\"elementor-wrapper elementor-open-inline\">\n\t\t\t<div class=\"elementor-video\"><\/div>\t\t<\/div>\n\t\t\t\t<\/div>\n\t\t\t\t<\/div>\n\t\t\t\t\t<\/div>\n\t\t<\/div>\n\t\t\t\t\t\t\t<\/div>\n\t\t<\/section>\n\t\t\t\t<section class=\"elementor-section elementor-top-section elementor-element elementor-element-40d3254 elementor-section-boxed elementor-section-height-default elementor-section-height-default\" data-id=\"40d3254\" data-element_type=\"section\">\n\t\t\t\t\t\t<div class=\"elementor-container elementor-column-gap-default\">\n\t\t\t\t\t<div class=\"elementor-column elementor-col-100 elementor-top-column elementor-element elementor-element-1cd0b1d\" data-id=\"1cd0b1d\" data-element_type=\"column\">\n\t\t\t<div class=\"elementor-widget-wrap elementor-element-populated\">\n\t\t\t\t\t\t\t\t<div class=\"elementor-element elementor-element-e66bb54 elementor-widget elementor-widget-video\" data-id=\"e66bb54\" data-element_type=\"widget\" data-settings=\"{&quot;youtube_url&quot;:&quot;https:\\\/\\\/youtu.be\\\/ii18AX_y7Hs&quot;,&quot;video_type&quot;:&quot;youtube&quot;,&quot;controls&quot;:&quot;yes&quot;}\" data-widget_type=\"video.default\">\n\t\t\t\t<div class=\"elementor-widget-container\">\n\t\t\t\t\t<div class=\"elementor-wrapper elementor-open-inline\">\n\t\t\t<div class=\"elementor-video\"><\/div>\t\t<\/div>\n\t\t\t\t<\/div>\n\t\t\t\t<\/div>\n\t\t\t\t\t<\/div>\n\t\t<\/div>\n\t\t\t\t\t\t\t<\/div>\n\t\t<\/section>\n\t\t\t\t\t\t\t<\/div>","protected":false},"excerpt":{"rendered":"","protected":false},"author":2,"featured_media":0,"parent":0,"menu_order":0,"comment_status":"closed","ping_status":"closed","template":"","meta":{"om_disable_all_campaigns":false,"_monsterinsights_skip_tracking":false,"_monsterinsights_sitenote_active":false,"_monsterinsights_sitenote_note":"","_monsterinsights_sitenote_category":0,"footnotes":""},"class_list":["post-1357","page","type-page","status-publish","hentry","entry"],"aioseo_notices":[],"aioseo_head":"\n\t\t<!-- All in One SEO Pro 4.3.2.1 - aioseo.com -->\n\t\t<meta name=\"description\" content=\"https:\/\/youtu.be\/uBiMKEQHdOk?si=_Ykr1EvfIZI7yAAFhttps:\/\/youtu.be\/t38xOPsBcKg?si=rDUc4ocS8DBKXlAfhttps:\/\/youtu.be\/96fxf-VA1fQ?si=IEupSraHIAoxkRTShttps:\/\/youtu.be\/Qgy2yMWXKRA?si=SddTonLazpVxpoYPhttps:\/\/youtu.be\/ynL39qu_g0Uhttps:\/\/youtu.be\/ii18AX_y7Hs\" \/>\n\t\t<meta name=\"robots\" content=\"max-image-preview:large\" \/>\n\t\t<link rel=\"canonical\" href=\"https:\/\/oxygenome.fr\/en\/vos-temoignages\/\" \/>\n\t\t<meta name=\"generator\" content=\"All in One SEO Pro (AIOSEO) 4.3.2.1 \" \/>\n\t\t<meta property=\"og:locale\" content=\"en_GB\" \/>\n\t\t<meta property=\"og:site_name\" content=\"Oxygenome Paris - Oxyg\u00e9noth\u00e9rapie chez vous ou dans notre centre\" \/>\n\t\t<meta property=\"og:type\" content=\"article\" \/>\n\t\t<meta property=\"og:title\" content=\"Vos temoignages - Oxygenome Paris\" \/>\n\t\t<meta property=\"og:description\" content=\"https:\/\/youtu.be\/uBiMKEQHdOk?si=_Ykr1EvfIZI7yAAFhttps:\/\/youtu.be\/t38xOPsBcKg?si=rDUc4ocS8DBKXlAfhttps:\/\/youtu.be\/96fxf-VA1fQ?si=IEupSraHIAoxkRTShttps:\/\/youtu.be\/Qgy2yMWXKRA?si=SddTonLazpVxpoYPhttps:\/\/youtu.be\/ynL39qu_g0Uhttps:\/\/youtu.be\/ii18AX_y7Hs\" \/>\n\t\t<meta property=\"og:url\" content=\"https:\/\/oxygenome.fr\/en\/vos-temoignages\/\" \/>\n\t\t<meta property=\"og:image\" content=\"https:\/\/oxygenome.fr\/wp-content\/uploads\/2023\/08\/cropped-IMG_0239.png\" \/>\n\t\t<meta property=\"og:image:secure_url\" content=\"https:\/\/oxygenome.fr\/wp-content\/uploads\/2023\/08\/cropped-IMG_0239.png\" \/>\n\t\t<meta property=\"og:image:width\" content=\"1180\" \/>\n\t\t<meta property=\"og:image:height\" content=\"295\" \/>\n\t\t<meta property=\"article:published_time\" content=\"2023-08-31T14:54:02+00:00\" \/>\n\t\t<meta property=\"article:modified_time\" content=\"2023-08-31T15:05:18+00:00\" \/>\n\t\t<meta name=\"twitter:card\" content=\"summary_large_image\" \/>\n\t\t<meta name=\"twitter:title\" content=\"Vos temoignages - Oxygenome Paris\" \/>\n\t\t<meta name=\"twitter:description\" content=\"https:\/\/youtu.be\/uBiMKEQHdOk?si=_Ykr1EvfIZI7yAAFhttps:\/\/youtu.be\/t38xOPsBcKg?si=rDUc4ocS8DBKXlAfhttps:\/\/youtu.be\/96fxf-VA1fQ?si=IEupSraHIAoxkRTShttps:\/\/youtu.be\/Qgy2yMWXKRA?si=SddTonLazpVxpoYPhttps:\/\/youtu.be\/ynL39qu_g0Uhttps:\/\/youtu.be\/ii18AX_y7Hs\" \/>\n\t\t<meta name=\"twitter:image\" content=\"https:\/\/oxygenome.fr\/wp-content\/uploads\/2023\/08\/cropped-IMG_0239.png\" \/>\n\t\t<script type=\"application\/ld+json\" class=\"aioseo-schema\">\n\t\t\t{\"@context\":\"https:\\\/\\\/schema.org\",\"@graph\":[{\"@type\":\"BreadcrumbList\",\"@id\":\"https:\\\/\\\/oxygenome.fr\\\/en\\\/vos-temoignages\\\/#breadcrumblist\",\"itemListElement\":[{\"@type\":\"ListItem\",\"@id\":\"https:\\\/\\\/oxygenome.fr\\\/en\\\/#listItem\",\"position\":1,\"item\":{\"@type\":\"WebPage\",\"@id\":\"https:\\\/\\\/oxygenome.fr\\\/en\\\/\",\"name\":\"Home\",\"description\":\"La sant\\u00e9 sous oxyg\\u00e8ne. l\\u2019oxyg\\u00e9noth\\u00e9rapie en centre ou chez vous. Les caissons Hyperbare qui boost votre corps et votre esprit contre les probl\\u00e8mes de la vie.\",\"url\":\"https:\\\/\\\/oxygenome.fr\\\/en\\\/\"},\"nextItem\":\"https:\\\/\\\/oxygenome.fr\\\/en\\\/vos-temoignages\\\/#listItem\"},{\"@type\":\"ListItem\",\"@id\":\"https:\\\/\\\/oxygenome.fr\\\/en\\\/vos-temoignages\\\/#listItem\",\"position\":2,\"item\":{\"@type\":\"WebPage\",\"@id\":\"https:\\\/\\\/oxygenome.fr\\\/en\\\/vos-temoignages\\\/\",\"name\":\"Vos temoignages\",\"description\":\"https:\\\/\\\/youtu.be\\\/uBiMKEQHdOk?si=_Ykr1EvfIZI7yAAFhttps:\\\/\\\/youtu.be\\\/t38xOPsBcKg?si=rDUc4ocS8DBKXlAfhttps:\\\/\\\/youtu.be\\\/96fxf-VA1fQ?si=IEupSraHIAoxkRTShttps:\\\/\\\/youtu.be\\\/Qgy2yMWXKRA?si=SddTonLazpVxpoYPhttps:\\\/\\\/youtu.be\\\/ynL39qu_g0Uhttps:\\\/\\\/youtu.be\\\/ii18AX_y7Hs\",\"url\":\"https:\\\/\\\/oxygenome.fr\\\/en\\\/vos-temoignages\\\/\"},\"previousItem\":\"https:\\\/\\\/oxygenome.fr\\\/en\\\/#listItem\"}]},{\"@type\":\"Organization\",\"@id\":\"https:\\\/\\\/oxygenome.fr\\\/en\\\/#organization\",\"name\":\"Oxygenome Paris\",\"url\":\"https:\\\/\\\/oxygenome.fr\\\/en\\\/\",\"logo\":{\"@type\":\"ImageObject\",\"url\":\"https:\\\/\\\/oxygenome.fr\\\/wp-content\\\/uploads\\\/2023\\\/08\\\/baniere-oxygenomeblanc-02_Plan-de-travail-1-scaled-e1686350736213-1.jpeg\",\"@id\":\"https:\\\/\\\/oxygenome.fr\\\/en\\\/#organizationLogo\",\"width\":2560,\"height\":640},\"image\":{\"@id\":\"https:\\\/\\\/oxygenome.fr\\\/en\\\/#organizationLogo\"},\"contactPoint\":{\"@type\":\"ContactPoint\",\"telephone\":\"+33619059404\",\"contactType\":\"Reservations\"}},{\"@type\":\"WebPage\",\"@id\":\"https:\\\/\\\/oxygenome.fr\\\/en\\\/vos-temoignages\\\/#webpage\",\"url\":\"https:\\\/\\\/oxygenome.fr\\\/en\\\/vos-temoignages\\\/\",\"name\":\"Vos temoignages - Oxygenome Paris\",\"description\":\"https:\\\/\\\/youtu.be\\\/uBiMKEQHdOk?si=_Ykr1EvfIZI7yAAFhttps:\\\/\\\/youtu.be\\\/t38xOPsBcKg?si=rDUc4ocS8DBKXlAfhttps:\\\/\\\/youtu.be\\\/96fxf-VA1fQ?si=IEupSraHIAoxkRTShttps:\\\/\\\/youtu.be\\\/Qgy2yMWXKRA?si=SddTonLazpVxpoYPhttps:\\\/\\\/youtu.be\\\/ynL39qu_g0Uhttps:\\\/\\\/youtu.be\\\/ii18AX_y7Hs\",\"inLanguage\":\"en-GB\",\"isPartOf\":{\"@id\":\"https:\\\/\\\/oxygenome.fr\\\/en\\\/#website\"},\"breadcrumb\":{\"@id\":\"https:\\\/\\\/oxygenome.fr\\\/en\\\/vos-temoignages\\\/#breadcrumblist\"},\"datePublished\":\"2023-08-31T14:54:02+02:00\",\"dateModified\":\"2023-08-31T15:05:18+02:00\"},{\"@type\":\"WebSite\",\"@id\":\"https:\\\/\\\/oxygenome.fr\\\/en\\\/#website\",\"url\":\"https:\\\/\\\/oxygenome.fr\\\/en\\\/\",\"name\":\"Oxygenome Paris\",\"description\":\"Oxyg\\u00e9noth\\u00e9rapie chez vous ou dans notre centre\",\"inLanguage\":\"en-GB\",\"publisher\":{\"@id\":\"https:\\\/\\\/oxygenome.fr\\\/en\\\/#organization\"}}]}\n\t\t<\/script>\n\t\t<!-- All in One SEO Pro -->\r\n\t\t<title>Vos temoignages - Oxygenome Paris<\/title>\n\n","aioseo_head_json":{"title":"Vos temoignages - Oxygenome Paris","description":"https:\/\/youtu.be\/uBiMKEQHdOk?si=_Ykr1EvfIZI7yAAFhttps:\/\/youtu.be\/t38xOPsBcKg?si=rDUc4ocS8DBKXlAfhttps:\/\/youtu.be\/96fxf-VA1fQ?si=IEupSraHIAoxkRTShttps:\/\/youtu.be\/Qgy2yMWXKRA?si=SddTonLazpVxpoYPhttps:\/\/youtu.be\/ynL39qu_g0Uhttps:\/\/youtu.be\/ii18AX_y7Hs","canonical_url":"https:\/\/oxygenome.fr\/en\/vos-temoignages\/","robots":"max-image-preview:large","keywords":"","webmasterTools":{"miscellaneous":""},"og:locale":"en_GB","og:site_name":"Oxygenome Paris - Oxyg\u00e9noth\u00e9rapie chez vous ou dans notre centre","og:type":"article","og:title":"Vos temoignages - Oxygenome Paris","og:description":"https:\/\/youtu.be\/uBiMKEQHdOk?si=_Ykr1EvfIZI7yAAFhttps:\/\/youtu.be\/t38xOPsBcKg?si=rDUc4ocS8DBKXlAfhttps:\/\/youtu.be\/96fxf-VA1fQ?si=IEupSraHIAoxkRTShttps:\/\/youtu.be\/Qgy2yMWXKRA?si=SddTonLazpVxpoYPhttps:\/\/youtu.be\/ynL39qu_g0Uhttps:\/\/youtu.be\/ii18AX_y7Hs","og:url":"https:\/\/oxygenome.fr\/en\/vos-temoignages\/","og:image":"https:\/\/oxygenome.fr\/wp-content\/uploads\/2023\/08\/cropped-IMG_0239.png","og:image:secure_url":"https:\/\/oxygenome.fr\/wp-content\/uploads\/2023\/08\/cropped-IMG_0239.png","og:image:width":1180,"og:image:height":295,"article:published_time":"2023-08-31T14:54:02+00:00","article:modified_time":"2023-08-31T15:05:18+00:00","twitter:card":"summary_large_image","twitter:title":"Vos temoignages - Oxygenome Paris","twitter:description":"https:\/\/youtu.be\/uBiMKEQHdOk?si=_Ykr1EvfIZI7yAAFhttps:\/\/youtu.be\/t38xOPsBcKg?si=rDUc4ocS8DBKXlAfhttps:\/\/youtu.be\/96fxf-VA1fQ?si=IEupSraHIAoxkRTShttps:\/\/youtu.be\/Qgy2yMWXKRA?si=SddTonLazpVxpoYPhttps:\/\/youtu.be\/ynL39qu_g0Uhttps:\/\/youtu.be\/ii18AX_y7Hs","twitter:image":"https:\/\/oxygenome.fr\/wp-content\/uploads\/2023\/08\/cropped-IMG_0239.png","schema":{"@context":"https:\/\/schema.org","@graph":[{"@type":"BreadcrumbList","@id":"https:\/\/oxygenome.fr\/en\/vos-temoignages\/#breadcrumblist","itemListElement":[{"@type":"ListItem","@id":"https:\/\/oxygenome.fr\/en\/#listItem","position":1,"item":{"@type":"WebPage","@id":"https:\/\/oxygenome.fr\/en\/","name":"Home","description":"La sant\u00e9 sous oxyg\u00e8ne. l\u2019oxyg\u00e9noth\u00e9rapie en centre ou chez vous. Les caissons Hyperbare qui boost votre corps et votre esprit contre les probl\u00e8mes de la vie.","url":"https:\/\/oxygenome.fr\/en\/"},"nextItem":"https:\/\/oxygenome.fr\/en\/vos-temoignages\/#listItem"},{"@type":"ListItem","@id":"https:\/\/oxygenome.fr\/en\/vos-temoignages\/#listItem","position":2,"item":{"@type":"WebPage","@id":"https:\/\/oxygenome.fr\/en\/vos-temoignages\/","name":"Vos temoignages","description":"https:\/\/youtu.be\/uBiMKEQHdOk?si=_Ykr1EvfIZI7yAAFhttps:\/\/youtu.be\/t38xOPsBcKg?si=rDUc4ocS8DBKXlAfhttps:\/\/youtu.be\/96fxf-VA1fQ?si=IEupSraHIAoxkRTShttps:\/\/youtu.be\/Qgy2yMWXKRA?si=SddTonLazpVxpoYPhttps:\/\/youtu.be\/ynL39qu_g0Uhttps:\/\/youtu.be\/ii18AX_y7Hs","url":"https:\/\/oxygenome.fr\/en\/vos-temoignages\/"},"previousItem":"https:\/\/oxygenome.fr\/en\/#listItem"}]},{"@type":"Organization","@id":"https:\/\/oxygenome.fr\/en\/#organization","name":"Oxygenome Paris","url":"https:\/\/oxygenome.fr\/en\/","logo":{"@type":"ImageObject","url":"https:\/\/oxygenome.fr\/wp-content\/uploads\/2023\/08\/baniere-oxygenomeblanc-02_Plan-de-travail-1-scaled-e1686350736213-1.jpeg","@id":"https:\/\/oxygenome.fr\/en\/#organizationLogo","width":2560,"height":640},"image":{"@id":"https:\/\/oxygenome.fr\/en\/#organizationLogo"},"contactPoint":{"@type":"ContactPoint","telephone":"+33619059404","contactType":"Reservations"}},{"@type":"WebPage","@id":"https:\/\/oxygenome.fr\/en\/vos-temoignages\/#webpage","url":"https:\/\/oxygenome.fr\/en\/vos-temoignages\/","name":"Vos temoignages - Oxygenome Paris","description":"https:\/\/youtu.be\/uBiMKEQHdOk?si=_Ykr1EvfIZI7yAAFhttps:\/\/youtu.be\/t38xOPsBcKg?si=rDUc4ocS8DBKXlAfhttps:\/\/youtu.be\/96fxf-VA1fQ?si=IEupSraHIAoxkRTShttps:\/\/youtu.be\/Qgy2yMWXKRA?si=SddTonLazpVxpoYPhttps:\/\/youtu.be\/ynL39qu_g0Uhttps:\/\/youtu.be\/ii18AX_y7Hs","inLanguage":"en-GB","isPartOf":{"@id":"https:\/\/oxygenome.fr\/en\/#website"},"breadcrumb":{"@id":"https:\/\/oxygenome.fr\/en\/vos-temoignages\/#breadcrumblist"},"datePublished":"2023-08-31T14:54:02+02:00","dateModified":"2023-08-31T15:05:18+02:00"},{"@type":"WebSite","@id":"https:\/\/oxygenome.fr\/en\/#website","url":"https:\/\/oxygenome.fr\/en\/","name":"Oxygenome Paris","description":"Oxyg\u00e9noth\u00e9rapie chez vous ou dans notre centre","inLanguage":"en-GB","publisher":{"@id":"https:\/\/oxygenome.fr\/en\/#organization"}}]}},"aioseo_meta_data":{"post_id":"1357","title":null,"description":null,"keywords":null,"keyphrases":null,"canonical_url":null,"og_title":null,"og_description":null,"og_object_type":"default","og_image_type":"default","og_image_url":null,"og_image_width":null,"og_image_height":null,"og_image_custom_url":null,"og_image_custom_fields":null,"og_video":null,"og_custom_url":null,"og_article_section":null,"og_article_tags":null,"twitter_use_og":false,"twitter_card":"default","twitter_image_type":"default","twitter_image_url":null,"twitter_image_custom_url":null,"twitter_image_custom_fields":null,"twitter_title":null,"twitter_description":null,"schema":{"blockGraphs":[],"customGraphs":[],"default":{"data":{"Article":[],"Course":[],"Dataset":[],"FAQPage":[],"Movie":[],"Person":[],"Product":[],"Recipe":[],"Service":[],"SoftwareApplication":[],"WebPage":[]},"graphName":"","isEnabled":true},"graphs":[]},"schema_type":"default","schema_type_options":null,"pillar_content":false,"robots_default":true,"robots_noindex":false,"robots_noarchive":false,"robots_nosnippet":false,"robots_nofollow":false,"robots_noimageindex":false,"robots_noodp":false,"robots_notranslate":false,"robots_max_snippet":null,"robots_max_videopreview":null,"robots_max_imagepreview":"large","priority":null,"frequency":null,"local_seo":null,"limit_modified_date":false,"open_ai":null,"created":"2023-09-01 13:46:26","updated":"2023-09-01 14:07:00"},"_links":{"self":[{"href":"https:\/\/oxygenome.fr\/en\/wp-json\/wp\/v2\/pages\/1357","targetHints":{"allow":["GET"]}}],"collection":[{"href":"https:\/\/oxygenome.fr\/en\/wp-json\/wp\/v2\/pages"}],"about":[{"href":"https:\/\/oxygenome.fr\/en\/wp-json\/wp\/v2\/types\/page"}],"author":[{"embeddable":true,"href":"https:\/\/oxygenome.fr\/en\/wp-json\/wp\/v2\/users\/2"}],"replies":[{"embeddable":true,"href":"https:\/\/oxygenome.fr\/en\/wp-json\/wp\/v2\/comments?post=1357"}],"version-history":[{"count":19,"href":"https:\/\/oxygenome.fr\/en\/wp-json\/wp\/v2\/pages\/1357\/revisions"}],"predecessor-version":[{"id":1376,"href":"https:\/\/oxygenome.fr\/en\/wp-json\/wp\/v2\/pages\/1357\/revisions\/1376"}],"wp:attachment":[{"href":"https:\/\/oxygenome.fr\/en\/wp-json\/wp\/v2\/media?parent=1357"}],"curies":[{"name":"wp","href":"https:\/\/api.w.org\/{rel}","templated":true}]}}